{"id":14,"date":"2017-09-13T10:52:35","date_gmt":"2017-09-13T08:52:35","guid":{"rendered":"http:\/\/www.lumos.cz\/highland\/?page_id=14"},"modified":"2022-01-18T14:31:43","modified_gmt":"2022-01-18T13:31:43","slug":"about","status":"publish","type":"page","link":"https:\/\/www.lumos.cz\/highland\/about\/","title":{"rendered":"O na\u0161\u00ed farm\u011b"},"content":{"rendered":"\n<p>Na\u0161e farma vznikla rekultiva\u010dn\u00edm procesem, kdy jsme jako fin\u00e1ln\u00ed f\u00e1zi zvolili zatravn\u011bn\u00ed vytvo\u0159en\u00fdch val\u016f. Vzhledem k trval\u00e9 udr\u017eitelnosti travnat\u00e9 plochy se jevila jako nejlep\u0161\u00ed varianta po\u0159\u00edzen\u00ed skotu nen\u00e1ro\u010dn\u00e9ho extenzivn\u00edho plemene Highland. Prvn\u00edmi obyvatelkami na\u0161\u00ed farmy roku 2012 se staly \u010dty\u0159i jalovi\u010dky &#8211; Molly Black, Eilidh, Sunny a Deborah. Roku 2014 vytvo\u0159il plnohodnotn\u00e9 st\u00e1do n\u00e1\u0161 plemenn\u00fd b\u00fdk Zack a o rok pozd\u011bji spat\u0159ila sv\u011btlo sv\u011bta na\u0161e prvn\u00ed tel\u00e1tka. K roku 2019 se ji\u017e t\u011b\u0161\u00edme z p\u00e1t\u00e9 v\u00e1rky telat.  Vzhledem k prostorn\u00e9mu v\u00fdb\u011bhu a dostate\u010dn\u011b kvalitn\u00ed strav\u011b se na\u0161im Highland\u016fm da\u0159\u00ed velice dob\u0159e a jsou tak ve v\u00fdborn\u00e9 kondici.<\/p>\n\n\n\n<figure class=\"wp-block-gallery columns-3 is-cropped wp-block-gallery-1 is-layout-flex wp-block-gallery-is-layout-flex\"><ul class=\"blocks-gallery-grid\"><li class=\"blocks-gallery-item\"><figure><img loading=\"lazy\" decoding=\"async\" width=\"1024\" height=\"768\" src=\"http:\/\/www.lumos.cz\/highland\/wp-content\/uploads\/2022\/01\/IMG_3547-1024x768.jpeg\" alt=\"\" data-id=\"277\" data-full-url=\"http:\/\/www.lumos.cz\/highland\/wp-content\/uploads\/2022\/01\/IMG_3547.jpeg\" data-link=\"https:\/\/www.lumos.cz\/highland\/img_3547\/\" class=\"wp-image-277\" srcset=\"https:\/\/www.lumos.cz\/highland\/wp-content\/uploads\/2022\/01\/IMG_3547-1024x768.jpeg 1024w, https:\/\/www.lumos.cz\/highland\/wp-content\/uploads\/2022\/01\/IMG_3547-300x225.jpeg 300w, https:\/\/www.lumos.cz\/highland\/wp-content\/uploads\/2022\/01\/IMG_3547-768x576.jpeg 768w, https:\/\/www.lumos.cz\/highland\/wp-content\/uploads\/2022\/01\/IMG_3547-1536x1152.jpeg 1536w, https:\/\/www.lumos.cz\/highland\/wp-content\/uploads\/2022\/01\/IMG_3547-830x623.jpeg 830w, https:\/\/www.lumos.cz\/highland\/wp-content\/uploads\/2022\/01\/IMG_3547-230x173.jpeg 230w, https:\/\/www.lumos.cz\/highland\/wp-content\/uploads\/2022\/01\/IMG_3547-350x263.jpeg 350w, https:\/\/www.lumos.cz\/highland\/wp-content\/uploads\/2022\/01\/IMG_3547-480x360.jpeg 480w, https:\/\/www.lumos.cz\/highland\/wp-content\/uploads\/2022\/01\/IMG_3547.jpeg 2048w\" sizes=\"(max-width: 1024px) 100vw, 1024px\" \/><\/figure><\/li><li class=\"blocks-gallery-item\"><figure><img loading=\"lazy\" decoding=\"async\" width=\"1024\" height=\"768\" src=\"http:\/\/www.lumos.cz\/highland\/wp-content\/uploads\/2022\/01\/IMG_3541-1024x768.jpeg\" alt=\"\" data-id=\"276\" data-full-url=\"http:\/\/www.lumos.cz\/highland\/wp-content\/uploads\/2022\/01\/IMG_3541.jpeg\" data-link=\"https:\/\/www.lumos.cz\/highland\/img_3541\/\" class=\"wp-image-276\" srcset=\"https:\/\/www.lumos.cz\/highland\/wp-content\/uploads\/2022\/01\/IMG_3541-1024x768.jpeg 1024w, https:\/\/www.lumos.cz\/highland\/wp-content\/uploads\/2022\/01\/IMG_3541-300x225.jpeg 300w, https:\/\/www.lumos.cz\/highland\/wp-content\/uploads\/2022\/01\/IMG_3541-768x576.jpeg 768w, https:\/\/www.lumos.cz\/highland\/wp-content\/uploads\/2022\/01\/IMG_3541-1536x1152.jpeg 1536w, https:\/\/www.lumos.cz\/highland\/wp-content\/uploads\/2022\/01\/IMG_3541-830x623.jpeg 830w, https:\/\/www.lumos.cz\/highland\/wp-content\/uploads\/2022\/01\/IMG_3541-230x173.jpeg 230w, https:\/\/www.lumos.cz\/highland\/wp-content\/uploads\/2022\/01\/IMG_3541-350x263.jpeg 350w, https:\/\/www.lumos.cz\/highland\/wp-content\/uploads\/2022\/01\/IMG_3541-480x360.jpeg 480w, https:\/\/www.lumos.cz\/highland\/wp-content\/uploads\/2022\/01\/IMG_3541.jpeg 2048w\" sizes=\"(max-width: 1024px) 100vw, 1024px\" \/><\/figure><\/li><li class=\"blocks-gallery-item\"><figure><img loading=\"lazy\" decoding=\"async\" width=\"1024\" height=\"768\" src=\"http:\/\/www.lumos.cz\/highland\/wp-content\/uploads\/2022\/01\/IMG_3529-1024x768.jpeg\" alt=\"\" data-id=\"275\" data-full-url=\"http:\/\/www.lumos.cz\/highland\/wp-content\/uploads\/2022\/01\/IMG_3529.jpeg\" data-link=\"https:\/\/www.lumos.cz\/highland\/img_3529\/\" class=\"wp-image-275\" srcset=\"https:\/\/www.lumos.cz\/highland\/wp-content\/uploads\/2022\/01\/IMG_3529-1024x768.jpeg 1024w, https:\/\/www.lumos.cz\/highland\/wp-content\/uploads\/2022\/01\/IMG_3529-300x225.jpeg 300w, https:\/\/www.lumos.cz\/highland\/wp-content\/uploads\/2022\/01\/IMG_3529-768x576.jpeg 768w, https:\/\/www.lumos.cz\/highland\/wp-content\/uploads\/2022\/01\/IMG_3529-1536x1152.jpeg 1536w, https:\/\/www.lumos.cz\/highland\/wp-content\/uploads\/2022\/01\/IMG_3529-830x623.jpeg 830w, https:\/\/www.lumos.cz\/highland\/wp-content\/uploads\/2022\/01\/IMG_3529-230x173.jpeg 230w, https:\/\/www.lumos.cz\/highland\/wp-content\/uploads\/2022\/01\/IMG_3529-350x263.jpeg 350w, https:\/\/www.lumos.cz\/highland\/wp-content\/uploads\/2022\/01\/IMG_3529-480x360.jpeg 480w, https:\/\/www.lumos.cz\/highland\/wp-content\/uploads\/2022\/01\/IMG_3529.jpeg 2048w\" sizes=\"(max-width: 1024px) 100vw, 1024px\" \/><\/figure><\/li><li class=\"blocks-gallery-item\"><figure><img loading=\"lazy\" decoding=\"async\" width=\"1024\" height=\"768\" src=\"http:\/\/www.lumos.cz\/highland\/wp-content\/uploads\/2022\/01\/IMG_3527-1024x768.jpeg\" alt=\"\" data-id=\"274\" data-full-url=\"http:\/\/www.lumos.cz\/highland\/wp-content\/uploads\/2022\/01\/IMG_3527.jpeg\" data-link=\"https:\/\/www.lumos.cz\/highland\/img_3527\/\" class=\"wp-image-274\" srcset=\"https:\/\/www.lumos.cz\/highland\/wp-content\/uploads\/2022\/01\/IMG_3527-1024x768.jpeg 1024w, https:\/\/www.lumos.cz\/highland\/wp-content\/uploads\/2022\/01\/IMG_3527-300x225.jpeg 300w, https:\/\/www.lumos.cz\/highland\/wp-content\/uploads\/2022\/01\/IMG_3527-768x576.jpeg 768w, https:\/\/www.lumos.cz\/highland\/wp-content\/uploads\/2022\/01\/IMG_3527-1536x1152.jpeg 1536w, https:\/\/www.lumos.cz\/highland\/wp-content\/uploads\/2022\/01\/IMG_3527-830x623.jpeg 830w, https:\/\/www.lumos.cz\/highland\/wp-content\/uploads\/2022\/01\/IMG_3527-230x173.jpeg 230w, https:\/\/www.lumos.cz\/highland\/wp-content\/uploads\/2022\/01\/IMG_3527-350x263.jpeg 350w, https:\/\/www.lumos.cz\/highland\/wp-content\/uploads\/2022\/01\/IMG_3527-480x360.jpeg 480w, https:\/\/www.lumos.cz\/highland\/wp-content\/uploads\/2022\/01\/IMG_3527.jpeg 2048w\" sizes=\"(max-width: 1024px) 100vw, 1024px\" \/><\/figure><\/li><li class=\"blocks-gallery-item\"><figure><img loading=\"lazy\" decoding=\"async\" width=\"1024\" height=\"768\" src=\"http:\/\/www.lumos.cz\/highland\/wp-content\/uploads\/2022\/01\/IMG_3526-1024x768.jpeg\" alt=\"\" data-id=\"273\" data-full-url=\"http:\/\/www.lumos.cz\/highland\/wp-content\/uploads\/2022\/01\/IMG_3526.jpeg\" data-link=\"https:\/\/www.lumos.cz\/highland\/img_3526\/\" class=\"wp-image-273\" srcset=\"https:\/\/www.lumos.cz\/highland\/wp-content\/uploads\/2022\/01\/IMG_3526-1024x768.jpeg 1024w, https:\/\/www.lumos.cz\/highland\/wp-content\/uploads\/2022\/01\/IMG_3526-300x225.jpeg 300w, https:\/\/www.lumos.cz\/highland\/wp-content\/uploads\/2022\/01\/IMG_3526-768x576.jpeg 768w, https:\/\/www.lumos.cz\/highland\/wp-content\/uploads\/2022\/01\/IMG_3526-1536x1152.jpeg 1536w, https:\/\/www.lumos.cz\/highland\/wp-content\/uploads\/2022\/01\/IMG_3526-830x623.jpeg 830w, https:\/\/www.lumos.cz\/highland\/wp-content\/uploads\/2022\/01\/IMG_3526-230x173.jpeg 230w, https:\/\/www.lumos.cz\/highland\/wp-content\/uploads\/2022\/01\/IMG_3526-350x263.jpeg 350w, https:\/\/www.lumos.cz\/highland\/wp-content\/uploads\/2022\/01\/IMG_3526-480x360.jpeg 480w, https:\/\/www.lumos.cz\/highland\/wp-content\/uploads\/2022\/01\/IMG_3526.jpeg 2048w\" sizes=\"(max-width: 1024px) 100vw, 1024px\" \/><\/figure><\/li><li class=\"blocks-gallery-item\"><figure><img loading=\"lazy\" decoding=\"async\" width=\"1024\" height=\"768\" src=\"http:\/\/www.lumos.cz\/highland\/wp-content\/uploads\/2022\/01\/IMG_3505-1024x768.jpeg\" alt=\"\" data-id=\"272\" data-full-url=\"http:\/\/www.lumos.cz\/highland\/wp-content\/uploads\/2022\/01\/IMG_3505.jpeg\" data-link=\"https:\/\/www.lumos.cz\/highland\/img_3505\/\" class=\"wp-image-272\" srcset=\"https:\/\/www.lumos.cz\/highland\/wp-content\/uploads\/2022\/01\/IMG_3505-1024x768.jpeg 1024w, https:\/\/www.lumos.cz\/highland\/wp-content\/uploads\/2022\/01\/IMG_3505-300x225.jpeg 300w, https:\/\/www.lumos.cz\/highland\/wp-content\/uploads\/2022\/01\/IMG_3505-768x576.jpeg 768w, https:\/\/www.lumos.cz\/highland\/wp-content\/uploads\/2022\/01\/IMG_3505-1536x1152.jpeg 1536w, https:\/\/www.lumos.cz\/highland\/wp-content\/uploads\/2022\/01\/IMG_3505-830x623.jpeg 830w, https:\/\/www.lumos.cz\/highland\/wp-content\/uploads\/2022\/01\/IMG_3505-230x173.jpeg 230w, https:\/\/www.lumos.cz\/highland\/wp-content\/uploads\/2022\/01\/IMG_3505-350x263.jpeg 350w, https:\/\/www.lumos.cz\/highland\/wp-content\/uploads\/2022\/01\/IMG_3505-480x360.jpeg 480w, https:\/\/www.lumos.cz\/highland\/wp-content\/uploads\/2022\/01\/IMG_3505.jpeg 2048w\" sizes=\"(max-width: 1024px) 100vw, 1024px\" \/><\/figure><\/li><li class=\"blocks-gallery-item\"><figure><img loading=\"lazy\" decoding=\"async\" width=\"768\" height=\"1024\" src=\"http:\/\/www.lumos.cz\/highland\/wp-content\/uploads\/2022\/01\/IMG_3263-768x1024.jpeg\" alt=\"\" data-id=\"271\" data-full-url=\"http:\/\/www.lumos.cz\/highland\/wp-content\/uploads\/2022\/01\/IMG_3263.jpeg\" data-link=\"https:\/\/www.lumos.cz\/highland\/img_3263\/\" class=\"wp-image-271\" srcset=\"https:\/\/www.lumos.cz\/highland\/wp-content\/uploads\/2022\/01\/IMG_3263-768x1024.jpeg 768w, https:\/\/www.lumos.cz\/highland\/wp-content\/uploads\/2022\/01\/IMG_3263-225x300.jpeg 225w, https:\/\/www.lumos.cz\/highland\/wp-content\/uploads\/2022\/01\/IMG_3263-1152x1536.jpeg 1152w, https:\/\/www.lumos.cz\/highland\/wp-content\/uploads\/2022\/01\/IMG_3263-830x1107.jpeg 830w, https:\/\/www.lumos.cz\/highland\/wp-content\/uploads\/2022\/01\/IMG_3263-230x307.jpeg 230w, https:\/\/www.lumos.cz\/highland\/wp-content\/uploads\/2022\/01\/IMG_3263-350x467.jpeg 350w, https:\/\/www.lumos.cz\/highland\/wp-content\/uploads\/2022\/01\/IMG_3263-480x640.jpeg 480w, https:\/\/www.lumos.cz\/highland\/wp-content\/uploads\/2022\/01\/IMG_3263.jpeg 1536w\" sizes=\"(max-width: 768px) 100vw, 768px\" \/><\/figure><\/li><li class=\"blocks-gallery-item\"><figure><img loading=\"lazy\" decoding=\"async\" width=\"768\" height=\"1024\" src=\"http:\/\/www.lumos.cz\/highland\/wp-content\/uploads\/2022\/01\/IMG_3179-768x1024.jpeg\" alt=\"\" data-id=\"270\" data-full-url=\"http:\/\/www.lumos.cz\/highland\/wp-content\/uploads\/2022\/01\/IMG_3179.jpeg\" data-link=\"https:\/\/www.lumos.cz\/highland\/img_3179\/\" class=\"wp-image-270\" srcset=\"https:\/\/www.lumos.cz\/highland\/wp-content\/uploads\/2022\/01\/IMG_3179-768x1024.jpeg 768w, https:\/\/www.lumos.cz\/highland\/wp-content\/uploads\/2022\/01\/IMG_3179-225x300.jpeg 225w, https:\/\/www.lumos.cz\/highland\/wp-content\/uploads\/2022\/01\/IMG_3179-1152x1536.jpeg 1152w, https:\/\/www.lumos.cz\/highland\/wp-content\/uploads\/2022\/01\/IMG_3179-830x1107.jpeg 830w, https:\/\/www.lumos.cz\/highland\/wp-content\/uploads\/2022\/01\/IMG_3179-230x307.jpeg 230w, https:\/\/www.lumos.cz\/highland\/wp-content\/uploads\/2022\/01\/IMG_3179-350x467.jpeg 350w, https:\/\/www.lumos.cz\/highland\/wp-content\/uploads\/2022\/01\/IMG_3179-480x640.jpeg 480w, https:\/\/www.lumos.cz\/highland\/wp-content\/uploads\/2022\/01\/IMG_3179.jpeg 1536w\" sizes=\"(max-width: 768px) 100vw, 768px\" \/><\/figure><\/li><li class=\"blocks-gallery-item\"><figure><img loading=\"lazy\" decoding=\"async\" width=\"1024\" height=\"768\" src=\"http:\/\/www.lumos.cz\/highland\/wp-content\/uploads\/2022\/01\/IMG_3142-1024x768.jpeg\" alt=\"\" data-id=\"269\" data-full-url=\"http:\/\/www.lumos.cz\/highland\/wp-content\/uploads\/2022\/01\/IMG_3142.jpeg\" data-link=\"https:\/\/www.lumos.cz\/highland\/img_3142\/\" class=\"wp-image-269\" srcset=\"https:\/\/www.lumos.cz\/highland\/wp-content\/uploads\/2022\/01\/IMG_3142-1024x768.jpeg 1024w, https:\/\/www.lumos.cz\/highland\/wp-content\/uploads\/2022\/01\/IMG_3142-300x225.jpeg 300w, https:\/\/www.lumos.cz\/highland\/wp-content\/uploads\/2022\/01\/IMG_3142-768x576.jpeg 768w, https:\/\/www.lumos.cz\/highland\/wp-content\/uploads\/2022\/01\/IMG_3142-1536x1152.jpeg 1536w, https:\/\/www.lumos.cz\/highland\/wp-content\/uploads\/2022\/01\/IMG_3142-830x623.jpeg 830w, https:\/\/www.lumos.cz\/highland\/wp-content\/uploads\/2022\/01\/IMG_3142-230x173.jpeg 230w, https:\/\/www.lumos.cz\/highland\/wp-content\/uploads\/2022\/01\/IMG_3142-350x263.jpeg 350w, https:\/\/www.lumos.cz\/highland\/wp-content\/uploads\/2022\/01\/IMG_3142-480x360.jpeg 480w, https:\/\/www.lumos.cz\/highland\/wp-content\/uploads\/2022\/01\/IMG_3142.jpeg 2048w\" sizes=\"(max-width: 1024px) 100vw, 1024px\" \/><\/figure><\/li><li class=\"blocks-gallery-item\"><figure><img loading=\"lazy\" decoding=\"async\" width=\"1024\" height=\"768\" src=\"http:\/\/www.lumos.cz\/highland\/wp-content\/uploads\/2022\/01\/IMG_3137-1024x768.jpeg\" alt=\"\" data-id=\"268\" data-full-url=\"http:\/\/www.lumos.cz\/highland\/wp-content\/uploads\/2022\/01\/IMG_3137.jpeg\" data-link=\"https:\/\/www.lumos.cz\/highland\/img_3137\/\" class=\"wp-image-268\" srcset=\"https:\/\/www.lumos.cz\/highland\/wp-content\/uploads\/2022\/01\/IMG_3137-1024x768.jpeg 1024w, https:\/\/www.lumos.cz\/highland\/wp-content\/uploads\/2022\/01\/IMG_3137-300x225.jpeg 300w, https:\/\/www.lumos.cz\/highland\/wp-content\/uploads\/2022\/01\/IMG_3137-768x576.jpeg 768w, https:\/\/www.lumos.cz\/highland\/wp-content\/uploads\/2022\/01\/IMG_3137-1536x1152.jpeg 1536w, https:\/\/www.lumos.cz\/highland\/wp-content\/uploads\/2022\/01\/IMG_3137-830x623.jpeg 830w, https:\/\/www.lumos.cz\/highland\/wp-content\/uploads\/2022\/01\/IMG_3137-230x173.jpeg 230w, https:\/\/www.lumos.cz\/highland\/wp-content\/uploads\/2022\/01\/IMG_3137-350x263.jpeg 350w, https:\/\/www.lumos.cz\/highland\/wp-content\/uploads\/2022\/01\/IMG_3137-480x360.jpeg 480w, https:\/\/www.lumos.cz\/highland\/wp-content\/uploads\/2022\/01\/IMG_3137.jpeg 2048w\" sizes=\"(max-width: 1024px) 100vw, 1024px\" \/><\/figure><\/li><li class=\"blocks-gallery-item\"><figure><img loading=\"lazy\" decoding=\"async\" width=\"1024\" height=\"768\" src=\"http:\/\/www.lumos.cz\/highland\/wp-content\/uploads\/2022\/01\/IMG_3096-1024x768.jpeg\" alt=\"\" data-id=\"267\" data-full-url=\"http:\/\/www.lumos.cz\/highland\/wp-content\/uploads\/2022\/01\/IMG_3096.jpeg\" data-link=\"https:\/\/www.lumos.cz\/highland\/img_3096\/\" class=\"wp-image-267\" srcset=\"https:\/\/www.lumos.cz\/highland\/wp-content\/uploads\/2022\/01\/IMG_3096-1024x768.jpeg 1024w, https:\/\/www.lumos.cz\/highland\/wp-content\/uploads\/2022\/01\/IMG_3096-300x225.jpeg 300w, https:\/\/www.lumos.cz\/highland\/wp-content\/uploads\/2022\/01\/IMG_3096-768x576.jpeg 768w, https:\/\/www.lumos.cz\/highland\/wp-content\/uploads\/2022\/01\/IMG_3096-1536x1152.jpeg 1536w, https:\/\/www.lumos.cz\/highland\/wp-content\/uploads\/2022\/01\/IMG_3096-830x623.jpeg 830w, https:\/\/www.lumos.cz\/highland\/wp-content\/uploads\/2022\/01\/IMG_3096-230x173.jpeg 230w, https:\/\/www.lumos.cz\/highland\/wp-content\/uploads\/2022\/01\/IMG_3096-350x263.jpeg 350w, https:\/\/www.lumos.cz\/highland\/wp-content\/uploads\/2022\/01\/IMG_3096-480x360.jpeg 480w, https:\/\/www.lumos.cz\/highland\/wp-content\/uploads\/2022\/01\/IMG_3096.jpeg 2048w\" sizes=\"(max-width: 1024px) 100vw, 1024px\" \/><\/figure><\/li><li class=\"blocks-gallery-item\"><figure><img loading=\"lazy\" decoding=\"async\" width=\"1024\" height=\"768\" src=\"http:\/\/www.lumos.cz\/highland\/wp-content\/uploads\/2022\/01\/IMG_3084-1024x768.jpeg\" alt=\"\" data-id=\"266\" data-full-url=\"http:\/\/www.lumos.cz\/highland\/wp-content\/uploads\/2022\/01\/IMG_3084.jpeg\" data-link=\"https:\/\/www.lumos.cz\/highland\/img_3084\/\" class=\"wp-image-266\" srcset=\"https:\/\/www.lumos.cz\/highland\/wp-content\/uploads\/2022\/01\/IMG_3084-1024x768.jpeg 1024w, https:\/\/www.lumos.cz\/highland\/wp-content\/uploads\/2022\/01\/IMG_3084-300x225.jpeg 300w, https:\/\/www.lumos.cz\/highland\/wp-content\/uploads\/2022\/01\/IMG_3084-768x576.jpeg 768w, https:\/\/www.lumos.cz\/highland\/wp-content\/uploads\/2022\/01\/IMG_3084-1536x1152.jpeg 1536w, https:\/\/www.lumos.cz\/highland\/wp-content\/uploads\/2022\/01\/IMG_3084-830x623.jpeg 830w, https:\/\/www.lumos.cz\/highland\/wp-content\/uploads\/2022\/01\/IMG_3084-230x173.jpeg 230w, https:\/\/www.lumos.cz\/highland\/wp-content\/uploads\/2022\/01\/IMG_3084-350x263.jpeg 350w, https:\/\/www.lumos.cz\/highland\/wp-content\/uploads\/2022\/01\/IMG_3084-480x360.jpeg 480w, https:\/\/www.lumos.cz\/highland\/wp-content\/uploads\/2022\/01\/IMG_3084.jpeg 2048w\" sizes=\"(max-width: 1024px) 100vw, 1024px\" \/><\/figure><\/li><li class=\"blocks-gallery-item\"><figure><img loading=\"lazy\" decoding=\"async\" width=\"1024\" height=\"768\" src=\"http:\/\/www.lumos.cz\/highland\/wp-content\/uploads\/2022\/01\/IMG_2780-1024x768.jpeg\" alt=\"\" data-id=\"265\" data-full-url=\"http:\/\/www.lumos.cz\/highland\/wp-content\/uploads\/2022\/01\/IMG_2780.jpeg\" data-link=\"https:\/\/www.lumos.cz\/highland\/img_2780\/\" class=\"wp-image-265\" srcset=\"https:\/\/www.lumos.cz\/highland\/wp-content\/uploads\/2022\/01\/IMG_2780-1024x768.jpeg 1024w, https:\/\/www.lumos.cz\/highland\/wp-content\/uploads\/2022\/01\/IMG_2780-300x225.jpeg 300w, https:\/\/www.lumos.cz\/highland\/wp-content\/uploads\/2022\/01\/IMG_2780-768x576.jpeg 768w, https:\/\/www.lumos.cz\/highland\/wp-content\/uploads\/2022\/01\/IMG_2780-1536x1152.jpeg 1536w, https:\/\/www.lumos.cz\/highland\/wp-content\/uploads\/2022\/01\/IMG_2780-830x623.jpeg 830w, https:\/\/www.lumos.cz\/highland\/wp-content\/uploads\/2022\/01\/IMG_2780-230x173.jpeg 230w, https:\/\/www.lumos.cz\/highland\/wp-content\/uploads\/2022\/01\/IMG_2780-350x263.jpeg 350w, https:\/\/www.lumos.cz\/highland\/wp-content\/uploads\/2022\/01\/IMG_2780-480x360.jpeg 480w, https:\/\/www.lumos.cz\/highland\/wp-content\/uploads\/2022\/01\/IMG_2780.jpeg 2048w\" sizes=\"(max-width: 1024px) 100vw, 1024px\" \/><\/figure><\/li><li class=\"blocks-gallery-item\"><figure><img loading=\"lazy\" decoding=\"async\" width=\"1024\" height=\"768\" src=\"http:\/\/www.lumos.cz\/highland\/wp-content\/uploads\/2022\/01\/IMG_2436-1024x768.jpeg\" alt=\"\" data-id=\"264\" data-full-url=\"http:\/\/www.lumos.cz\/highland\/wp-content\/uploads\/2022\/01\/IMG_2436.jpeg\" data-link=\"https:\/\/www.lumos.cz\/highland\/img_2436\/\" class=\"wp-image-264\" srcset=\"https:\/\/www.lumos.cz\/highland\/wp-content\/uploads\/2022\/01\/IMG_2436-1024x768.jpeg 1024w, https:\/\/www.lumos.cz\/highland\/wp-content\/uploads\/2022\/01\/IMG_2436-300x225.jpeg 300w, https:\/\/www.lumos.cz\/highland\/wp-content\/uploads\/2022\/01\/IMG_2436-768x576.jpeg 768w, https:\/\/www.lumos.cz\/highland\/wp-content\/uploads\/2022\/01\/IMG_2436-1536x1152.jpeg 1536w, https:\/\/www.lumos.cz\/highland\/wp-content\/uploads\/2022\/01\/IMG_2436-830x623.jpeg 830w, https:\/\/www.lumos.cz\/highland\/wp-content\/uploads\/2022\/01\/IMG_2436-230x173.jpeg 230w, https:\/\/www.lumos.cz\/highland\/wp-content\/uploads\/2022\/01\/IMG_2436-350x263.jpeg 350w, https:\/\/www.lumos.cz\/highland\/wp-content\/uploads\/2022\/01\/IMG_2436-480x360.jpeg 480w, https:\/\/www.lumos.cz\/highland\/wp-content\/uploads\/2022\/01\/IMG_2436.jpeg 2048w\" sizes=\"(max-width: 1024px) 100vw, 1024px\" \/><\/figure><\/li><li class=\"blocks-gallery-item\"><figure><img loading=\"lazy\" decoding=\"async\" width=\"1024\" height=\"768\" src=\"http:\/\/www.lumos.cz\/highland\/wp-content\/uploads\/2022\/01\/IMG_2422-1024x768.jpeg\" alt=\"\" data-id=\"263\" data-full-url=\"http:\/\/www.lumos.cz\/highland\/wp-content\/uploads\/2022\/01\/IMG_2422.jpeg\" data-link=\"https:\/\/www.lumos.cz\/highland\/img_2422\/\" class=\"wp-image-263\" srcset=\"https:\/\/www.lumos.cz\/highland\/wp-content\/uploads\/2022\/01\/IMG_2422-1024x768.jpeg 1024w, https:\/\/www.lumos.cz\/highland\/wp-content\/uploads\/2022\/01\/IMG_2422-300x225.jpeg 300w, https:\/\/www.lumos.cz\/highland\/wp-content\/uploads\/2022\/01\/IMG_2422-768x576.jpeg 768w, https:\/\/www.lumos.cz\/highland\/wp-content\/uploads\/2022\/01\/IMG_2422-1536x1152.jpeg 1536w, https:\/\/www.lumos.cz\/highland\/wp-content\/uploads\/2022\/01\/IMG_2422-830x623.jpeg 830w, https:\/\/www.lumos.cz\/highland\/wp-content\/uploads\/2022\/01\/IMG_2422-230x173.jpeg 230w, https:\/\/www.lumos.cz\/highland\/wp-content\/uploads\/2022\/01\/IMG_2422-350x263.jpeg 350w, https:\/\/www.lumos.cz\/highland\/wp-content\/uploads\/2022\/01\/IMG_2422-480x360.jpeg 480w, https:\/\/www.lumos.cz\/highland\/wp-content\/uploads\/2022\/01\/IMG_2422.jpeg 2048w\" sizes=\"(max-width: 1024px) 100vw, 1024px\" \/><\/figure><\/li><li class=\"blocks-gallery-item\"><figure><img loading=\"lazy\" decoding=\"async\" width=\"768\" height=\"1024\" src=\"http:\/\/www.lumos.cz\/highland\/wp-content\/uploads\/2022\/01\/IMG_3557-768x1024.jpeg\" alt=\"\" data-id=\"262\" data-full-url=\"http:\/\/www.lumos.cz\/highland\/wp-content\/uploads\/2022\/01\/IMG_3557.jpeg\" data-link=\"https:\/\/www.lumos.cz\/highland\/img_3557\/\" class=\"wp-image-262\" srcset=\"https:\/\/www.lumos.cz\/highland\/wp-content\/uploads\/2022\/01\/IMG_3557-768x1024.jpeg 768w, https:\/\/www.lumos.cz\/highland\/wp-content\/uploads\/2022\/01\/IMG_3557-225x300.jpeg 225w, https:\/\/www.lumos.cz\/highland\/wp-content\/uploads\/2022\/01\/IMG_3557-1152x1536.jpeg 1152w, https:\/\/www.lumos.cz\/highland\/wp-content\/uploads\/2022\/01\/IMG_3557-830x1107.jpeg 830w, https:\/\/www.lumos.cz\/highland\/wp-content\/uploads\/2022\/01\/IMG_3557-230x307.jpeg 230w, https:\/\/www.lumos.cz\/highland\/wp-content\/uploads\/2022\/01\/IMG_3557-350x467.jpeg 350w, https:\/\/www.lumos.cz\/highland\/wp-content\/uploads\/2022\/01\/IMG_3557-480x640.jpeg 480w, https:\/\/www.lumos.cz\/highland\/wp-content\/uploads\/2022\/01\/IMG_3557.jpeg 1536w\" sizes=\"(max-width: 768px) 100vw, 768px\" \/><\/figure><\/li><li class=\"blocks-gallery-item\"><figure><img loading=\"lazy\" decoding=\"async\" width=\"768\" height=\"1024\" src=\"http:\/\/www.lumos.cz\/highland\/wp-content\/uploads\/2022\/01\/IMG_3554-768x1024.jpeg\" alt=\"\" data-id=\"261\" data-full-url=\"http:\/\/www.lumos.cz\/highland\/wp-content\/uploads\/2022\/01\/IMG_3554.jpeg\" data-link=\"https:\/\/www.lumos.cz\/highland\/img_3554\/\" class=\"wp-image-261\" srcset=\"https:\/\/www.lumos.cz\/highland\/wp-content\/uploads\/2022\/01\/IMG_3554-768x1024.jpeg 768w, https:\/\/www.lumos.cz\/highland\/wp-content\/uploads\/2022\/01\/IMG_3554-225x300.jpeg 225w, https:\/\/www.lumos.cz\/highland\/wp-content\/uploads\/2022\/01\/IMG_3554-1152x1536.jpeg 1152w, https:\/\/www.lumos.cz\/highland\/wp-content\/uploads\/2022\/01\/IMG_3554-830x1107.jpeg 830w, https:\/\/www.lumos.cz\/highland\/wp-content\/uploads\/2022\/01\/IMG_3554-230x307.jpeg 230w, https:\/\/www.lumos.cz\/highland\/wp-content\/uploads\/2022\/01\/IMG_3554-350x467.jpeg 350w, https:\/\/www.lumos.cz\/highland\/wp-content\/uploads\/2022\/01\/IMG_3554-480x640.jpeg 480w, https:\/\/www.lumos.cz\/highland\/wp-content\/uploads\/2022\/01\/IMG_3554.jpeg 1536w\" sizes=\"(max-width: 768px) 100vw, 768px\" \/><\/figure><\/li><li class=\"blocks-gallery-item\"><figure><img loading=\"lazy\" decoding=\"async\" width=\"1024\" height=\"768\" src=\"http:\/\/www.lumos.cz\/highland\/wp-content\/uploads\/2022\/01\/IMG_3551-1024x768.jpeg\" alt=\"\" data-id=\"260\" data-full-url=\"http:\/\/www.lumos.cz\/highland\/wp-content\/uploads\/2022\/01\/IMG_3551.jpeg\" data-link=\"https:\/\/www.lumos.cz\/highland\/img_3551\/\" class=\"wp-image-260\" srcset=\"https:\/\/www.lumos.cz\/highland\/wp-content\/uploads\/2022\/01\/IMG_3551-1024x768.jpeg 1024w, https:\/\/www.lumos.cz\/highland\/wp-content\/uploads\/2022\/01\/IMG_3551-300x225.jpeg 300w, https:\/\/www.lumos.cz\/highland\/wp-content\/uploads\/2022\/01\/IMG_3551-768x576.jpeg 768w, https:\/\/www.lumos.cz\/highland\/wp-content\/uploads\/2022\/01\/IMG_3551-1536x1152.jpeg 1536w, https:\/\/www.lumos.cz\/highland\/wp-content\/uploads\/2022\/01\/IMG_3551-830x623.jpeg 830w, https:\/\/www.lumos.cz\/highland\/wp-content\/uploads\/2022\/01\/IMG_3551-230x173.jpeg 230w, https:\/\/www.lumos.cz\/highland\/wp-content\/uploads\/2022\/01\/IMG_3551-350x263.jpeg 350w, https:\/\/www.lumos.cz\/highland\/wp-content\/uploads\/2022\/01\/IMG_3551-480x360.jpeg 480w, https:\/\/www.lumos.cz\/highland\/wp-content\/uploads\/2022\/01\/IMG_3551.jpeg 2048w\" sizes=\"(max-width: 1024px) 100vw, 1024px\" \/><\/figure><\/li><\/ul><\/figure>\n","protected":false},"excerpt":{"rendered":"<p>Na\u0161e farma vznikla rekultiva\u010dn\u00edm procesem, kdy jsme jako fin\u00e1ln\u00ed f\u00e1zi zvolili zatravn\u011bn\u00ed vytvo\u0159en\u00fdch val\u016f. Vzhledem k trval\u00e9 udr\u017eitelnosti travnat\u00e9 plochy se jevila jako nejlep\u0161\u00ed varianta po\u0159\u00edzen\u00ed skotu nen\u00e1ro\u010dn\u00e9ho extenzivn\u00edho plemene Highland. Prvn\u00edmi obyvatelkami na\u0161\u00ed farmy roku 2012 se staly \u010dty\u0159i jalovi\u010dky &#8211; Molly Black, Eilidh, Sunny a Deborah. Roku 2014 vytvo\u0159il plnohodnotn\u00e9 st\u00e1do n\u00e1\u0161 plemenn\u00fd [&hellip;]<\/p>\n","protected":false},"author":1,"featured_media":0,"parent":0,"menu_order":0,"comment_status":"closed","ping_status":"closed","template":"","meta":{"footnotes":""},"_links":{"self":[{"href":"https:\/\/www.lumos.cz\/highland\/wp-json\/wp\/v2\/pages\/14"}],"collection":[{"href":"https:\/\/www.lumos.cz\/highland\/wp-json\/wp\/v2\/pages"}],"about":[{"href":"https:\/\/www.lumos.cz\/highland\/wp-json\/wp\/v2\/types\/page"}],"author":[{"embeddable":true,"href":"https:\/\/www.lumos.cz\/highland\/wp-json\/wp\/v2\/users\/1"}],"replies":[{"embeddable":true,"href":"https:\/\/www.lumos.cz\/highland\/wp-json\/wp\/v2\/comments?post=14"}],"version-history":[{"count":6,"href":"https:\/\/www.lumos.cz\/highland\/wp-json\/wp\/v2\/pages\/14\/revisions"}],"predecessor-version":[{"id":281,"href":"https:\/\/www.lumos.cz\/highland\/wp-json\/wp\/v2\/pages\/14\/revisions\/281"}],"wp:attachment":[{"href":"https:\/\/www.lumos.cz\/highland\/wp-json\/wp\/v2\/media?parent=14"}],"curies":[{"name":"wp","href":"https:\/\/api.w.org\/{rel}","templated":true}]}}