{"id":15,"date":"2017-09-13T10:52:35","date_gmt":"2017-09-13T08:52:35","guid":{"rendered":"http:\/\/www.lumos.cz\/highland\/?page_id=15"},"modified":"2020-02-18T16:00:32","modified_gmt":"2020-02-18T15:00:32","slug":"kontakt","status":"publish","type":"page","link":"https:\/\/www.lumos.cz\/highland\/kontakt\/","title":{"rendered":"Kontakt"},"content":{"rendered":"<h2><strong>Higland skot LUMOS &#8211; Farma Jivno <\/strong>(nedaleko \u010cesk\u00fdch Bud\u011bjovic)<\/h2>\n<p>LUMOS s.r.o.<br \/>\nJivno 80<br \/>\n373 71 Jivno<\/p>\n<p>Mobil: +420 602 272 337<\/p>\n<p>E-mail: <a href=\"mailto:highland@lumos.cz\">highland@lumos.cz<\/a><br \/>\n<a href=\"http:\/\/www.lumos.cz\/highland\">http:\/\/www.lumos.cz\/highland<\/a><\/p>\n","protected":false},"excerpt":{"rendered":"<p>Higland skot LUMOS &#8211; Farma Jivno (nedaleko \u010cesk\u00fdch Bud\u011bjovic) LUMOS s.r.o. Jivno 80 373 71 Jivno Mobil: +420 602 272 337 E-mail: highland@lumos.cz http:\/\/www.lumos.cz\/highland<\/p>\n","protected":false},"author":1,"featured_media":0,"parent":0,"menu_order":0,"comment_status":"closed","ping_status":"closed","template":"","meta":{"footnotes":""},"_links":{"self":[{"href":"https:\/\/www.lumos.cz\/highland\/wp-json\/wp\/v2\/pages\/15"}],"collection":[{"href":"https:\/\/www.lumos.cz\/highland\/wp-json\/wp\/v2\/pages"}],"about":[{"href":"https:\/\/www.lumos.cz\/highland\/wp-json\/wp\/v2\/types\/page"}],"author":[{"embeddable":true,"href":"https:\/\/www.lumos.cz\/highland\/wp-json\/wp\/v2\/users\/1"}],"replies":[{"embeddable":true,"href":"https:\/\/www.lumos.cz\/highland\/wp-json\/wp\/v2\/comments?post=15"}],"version-history":[{"count":4,"href":"https:\/\/www.lumos.cz\/highland\/wp-json\/wp\/v2\/pages\/15\/revisions"}],"predecessor-version":[{"id":254,"href":"https:\/\/www.lumos.cz\/highland\/wp-json\/wp\/v2\/pages\/15\/revisions\/254"}],"wp:attachment":[{"href":"https:\/\/www.lumos.cz\/highland\/wp-json\/wp\/v2\/media?parent=15"}],"curies":[{"name":"wp","href":"https:\/\/api.w.org\/{rel}","templated":true}]}}