{"id":241,"date":"2020-02-18T15:13:36","date_gmt":"2020-02-18T14:13:36","guid":{"rendered":"http:\/\/www.lumos.cz\/highland\/?page_id=241"},"modified":"2020-02-18T15:24:00","modified_gmt":"2020-02-18T14:24:00","slug":"osvedceni","status":"publish","type":"page","link":"https:\/\/www.lumos.cz\/highland\/osvedceni\/","title":{"rendered":"Osv\u011bd\u010den\u00ed"},"content":{"rendered":"\n<ul class=\"wp-block-gallery columns-3 is-cropped wp-block-gallery-1 is-layout-flex wp-block-gallery-is-layout-flex\"><li class=\"blocks-gallery-item\"><figure><a href=\"http:\/\/www.lumos.cz\/highland\/wp-content\/uploads\/2020\/02\/IMG_0003-724x1024.jpg\"><img loading=\"lazy\" decoding=\"async\" width=\"724\" height=\"1024\" src=\"http:\/\/www.lumos.cz\/highland\/wp-content\/uploads\/2020\/02\/IMG_0003-724x1024.jpg\" alt=\"\" data-id=\"245\" data-link=\"http:\/\/www.lumos.cz\/highland\/img_0003\/\" class=\"wp-image-245\" srcset=\"https:\/\/www.lumos.cz\/highland\/wp-content\/uploads\/2020\/02\/IMG_0003-724x1024.jpg 724w, https:\/\/www.lumos.cz\/highland\/wp-content\/uploads\/2020\/02\/IMG_0003-212x300.jpg 212w, https:\/\/www.lumos.cz\/highland\/wp-content\/uploads\/2020\/02\/IMG_0003-768x1086.jpg 768w, https:\/\/www.lumos.cz\/highland\/wp-content\/uploads\/2020\/02\/IMG_0003-830x1174.jpg 830w, https:\/\/www.lumos.cz\/highland\/wp-content\/uploads\/2020\/02\/IMG_0003-230x325.jpg 230w, https:\/\/www.lumos.cz\/highland\/wp-content\/uploads\/2020\/02\/IMG_0003-350x495.jpg 350w, https:\/\/www.lumos.cz\/highland\/wp-content\/uploads\/2020\/02\/IMG_0003-480x679.jpg 480w\" sizes=\"(max-width: 724px) 100vw, 724px\" \/><\/a><figcaption>Evidence v plemenn\u00e9 knize<\/figcaption><\/figure><\/li><li class=\"blocks-gallery-item\"><figure><a href=\"http:\/\/www.lumos.cz\/highland\/wp-content\/uploads\/2020\/02\/IMG_0004-724x1024.jpg\"><img loading=\"lazy\" decoding=\"async\" width=\"724\" height=\"1024\" src=\"http:\/\/www.lumos.cz\/highland\/wp-content\/uploads\/2020\/02\/IMG_0004-724x1024.jpg\" alt=\"\" data-id=\"246\" data-link=\"http:\/\/www.lumos.cz\/highland\/img_0004\/\" class=\"wp-image-246\" srcset=\"https:\/\/www.lumos.cz\/highland\/wp-content\/uploads\/2020\/02\/IMG_0004-724x1024.jpg 724w, https:\/\/www.lumos.cz\/highland\/wp-content\/uploads\/2020\/02\/IMG_0004-212x300.jpg 212w, https:\/\/www.lumos.cz\/highland\/wp-content\/uploads\/2020\/02\/IMG_0004-768x1086.jpg 768w, https:\/\/www.lumos.cz\/highland\/wp-content\/uploads\/2020\/02\/IMG_0004-830x1174.jpg 830w, https:\/\/www.lumos.cz\/highland\/wp-content\/uploads\/2020\/02\/IMG_0004-230x325.jpg 230w, https:\/\/www.lumos.cz\/highland\/wp-content\/uploads\/2020\/02\/IMG_0004-350x495.jpg 350w, https:\/\/www.lumos.cz\/highland\/wp-content\/uploads\/2020\/02\/IMG_0004-480x679.jpg 480w\" sizes=\"(max-width: 724px) 100vw, 724px\" \/><\/a><figcaption>Z\u00e1pis do evidence zem.pod.<\/figcaption><\/figure><\/li><li class=\"blocks-gallery-item\"><figure><a href=\"http:\/\/www.lumos.cz\/highland\/wp-content\/uploads\/2020\/02\/IMG_0005-724x1024.jpg\"><img loading=\"lazy\" decoding=\"async\" width=\"724\" height=\"1024\" src=\"http:\/\/www.lumos.cz\/highland\/wp-content\/uploads\/2020\/02\/IMG_0005-724x1024.jpg\" alt=\"\" data-id=\"247\" data-link=\"http:\/\/www.lumos.cz\/highland\/img_0005\/\" class=\"wp-image-247\" srcset=\"https:\/\/www.lumos.cz\/highland\/wp-content\/uploads\/2020\/02\/IMG_0005-724x1024.jpg 724w, https:\/\/www.lumos.cz\/highland\/wp-content\/uploads\/2020\/02\/IMG_0005-212x300.jpg 212w, https:\/\/www.lumos.cz\/highland\/wp-content\/uploads\/2020\/02\/IMG_0005-768x1086.jpg 768w, https:\/\/www.lumos.cz\/highland\/wp-content\/uploads\/2020\/02\/IMG_0005-830x1174.jpg 830w, https:\/\/www.lumos.cz\/highland\/wp-content\/uploads\/2020\/02\/IMG_0005-230x325.jpg 230w, https:\/\/www.lumos.cz\/highland\/wp-content\/uploads\/2020\/02\/IMG_0005-350x495.jpg 350w, https:\/\/www.lumos.cz\/highland\/wp-content\/uploads\/2020\/02\/IMG_0005-480x679.jpg 480w\" sizes=\"(max-width: 724px) 100vw, 724px\" \/><\/a><figcaption>Registrace provozovny<\/figcaption><\/figure><\/li><\/ul>\n","protected":false},"excerpt":{"rendered":"","protected":false},"author":1,"featured_media":0,"parent":0,"menu_order":0,"comment_status":"closed","ping_status":"closed","template":"","meta":{"footnotes":""},"_links":{"self":[{"href":"https:\/\/www.lumos.cz\/highland\/wp-json\/wp\/v2\/pages\/241"}],"collection":[{"href":"https:\/\/www.lumos.cz\/highland\/wp-json\/wp\/v2\/pages"}],"about":[{"href":"https:\/\/www.lumos.cz\/highland\/wp-json\/wp\/v2\/types\/page"}],"author":[{"embeddable":true,"href":"https:\/\/www.lumos.cz\/highland\/wp-json\/wp\/v2\/users\/1"}],"replies":[{"embeddable":true,"href":"https:\/\/www.lumos.cz\/highland\/wp-json\/wp\/v2\/comments?post=241"}],"version-history":[{"count":3,"href":"https:\/\/www.lumos.cz\/highland\/wp-json\/wp\/v2\/pages\/241\/revisions"}],"predecessor-version":[{"id":250,"href":"https:\/\/www.lumos.cz\/highland\/wp-json\/wp\/v2\/pages\/241\/revisions\/250"}],"wp:attachment":[{"href":"https:\/\/www.lumos.cz\/highland\/wp-json\/wp\/v2\/media?parent=241"}],"curies":[{"name":"wp","href":"https:\/\/api.w.org\/{rel}","templated":true}]}}